{"id":2025,"date":"2017-06-17T12:03:59","date_gmt":"2017-06-17T10:03:59","guid":{"rendered":"http:\/\/www.kreativschmiede-soller.ch\/?post_type=product&#038;p=2025"},"modified":"2017-06-17T12:03:59","modified_gmt":"2017-06-17T10:03:59","slug":"rosenbild","status":"publish","type":"product","link":"http:\/\/www.kreativschmiede-soller.ch\/index.php\/produkt\/rosenbild\/","title":{"rendered":"Rosenbild"},"content":{"rendered":"<p>Acryl auf Leinwand mit geschmiedeter Rosenranke. Gr\u00f6sse 50&#215;50 cm.<\/p>\n<p>Gemeinsames Kunstwerk von Magdalena und Ren\u00e9 Soller<\/p>\n<p>Produkt kann nach \u00dcberweisung abgeholt werden oder direkt bei Barbezahlung<\/p>\n","protected":false},"excerpt":{"rendered":"<p>Acryl auf Leinwand mit geschmiedeter Rosenranke. Gr\u00f6sse 50&#215;50 cm. Gemeinsames Kunstwerk von Magdalena und Ren\u00e9 Soller Produkt kann nach \u00dcberweisung abgeholt werden oder direkt bei [&#8230;]<\/p>\n","protected":false},"featured_media":2023,"comment_status":"closed","ping_status":"closed","template":"","meta":[],"product_cat":[84],"product_tag":[],"_links":{"self":[{"href":"http:\/\/www.kreativschmiede-soller.ch\/index.php\/wp-json\/wp\/v2\/product\/2025"}],"collection":[{"href":"http:\/\/www.kreativschmiede-soller.ch\/index.php\/wp-json\/wp\/v2\/product"}],"about":[{"href":"http:\/\/www.kreativschmiede-soller.ch\/index.php\/wp-json\/wp\/v2\/types\/product"}],"replies":[{"embeddable":true,"href":"http:\/\/www.kreativschmiede-soller.ch\/index.php\/wp-json\/wp\/v2\/comments?post=2025"}],"wp:featuredmedia":[{"embeddable":true,"href":"http:\/\/www.kreativschmiede-soller.ch\/index.php\/wp-json\/wp\/v2\/media\/2023"}],"wp:attachment":[{"href":"http:\/\/www.kreativschmiede-soller.ch\/index.php\/wp-json\/wp\/v2\/media?parent=2025"}],"wp:term":[{"taxonomy":"product_cat","embeddable":true,"href":"http:\/\/www.kreativschmiede-soller.ch\/index.php\/wp-json\/wp\/v2\/product_cat?post=2025"},{"taxonomy":"product_tag","embeddable":true,"href":"http:\/\/www.kreativschmiede-soller.ch\/index.php\/wp-json\/wp\/v2\/product_tag?post=2025"}],"curies":[{"name":"wp","href":"https:\/\/api.w.org\/{rel}","templated":true}]}}