{"id":2,"date":"2016-01-23T14:46:16","date_gmt":"2016-01-23T13:46:16","guid":{"rendered":"http:\/\/www.kreativschmiede-soller.ch\/?page_id=2"},"modified":"2023-08-01T14:52:39","modified_gmt":"2023-08-01T12:52:39","slug":"ueber-uns","status":"publish","type":"page","link":"https:\/\/www.kreativschmiede-soller.ch\/index.php\/ueber-uns\/","title":{"rendered":"\u00fcber uns"},"content":{"rendered":"<p><img decoding=\"async\" loading=\"lazy\" class=\"alignleft wp-image-2898 \" src=\"https:\/\/beta.kreativschmiede-soller.ch\/wp-content\/uploads\/2023\/06\/soller-197x300.jpg\" alt=\"\" width=\"203\" height=\"309\"><\/p>\n<p>Ferrocolor ist eine wortsch\u00f6pfung. Sie l\u00e4sst die leidenschaft von ren\u00e9 und magdalena soller erahnen.<br>\nFerro f\u00fcr das gl\u00fchende und gestaltende eisen, color f\u00fcr farben und deren sprache. Alles vereint sich im sch\u00f6pferischen prozess der kreativschmiede-soller.<\/p>\n<p>Unser atelier mit ausstellungsraum finden sie an der oberen hagenwilerstrasse 2 (scheune) in zihlschlacht. &nbsp;Wir freuen uns auf ihren spontanen besuch oder vereinbaren sie mit uns einen termin .<\/p>\n\n\n<p>kreativschmiede-soller<br>obere hagenwilerstrasse 2<br>8588 zihlschlacht <br>076 540 60 68<br><a href=\"mailto:ferrocolor@kreativschmiede-soller.ch\">ferrocolor@kreativschmiede-soller.ch<\/a><\/p>\n\n\n\n<p><\/p>\n","protected":false},"excerpt":{"rendered":"<p>Ferrocolor ist eine wortsch\u00f6pfung. Sie l\u00e4sst die leidenschaft von ren\u00e9 und magdalena soller erahnen. Ferro f\u00fcr das gl\u00fchende und gestaltende eisen, color f\u00fcr farben und [&#8230;]<\/p>\n","protected":false},"author":1,"featured_media":0,"parent":0,"menu_order":0,"comment_status":"closed","ping_status":"closed","template":"full-width.php","meta":[],"_links":{"self":[{"href":"https:\/\/www.kreativschmiede-soller.ch\/index.php\/wp-json\/wp\/v2\/pages\/2"}],"collection":[{"href":"https:\/\/www.kreativschmiede-soller.ch\/index.php\/wp-json\/wp\/v2\/pages"}],"about":[{"href":"https:\/\/www.kreativschmiede-soller.ch\/index.php\/wp-json\/wp\/v2\/types\/page"}],"author":[{"embeddable":true,"href":"https:\/\/www.kreativschmiede-soller.ch\/index.php\/wp-json\/wp\/v2\/users\/1"}],"replies":[{"embeddable":true,"href":"https:\/\/www.kreativschmiede-soller.ch\/index.php\/wp-json\/wp\/v2\/comments?post=2"}],"version-history":[{"count":13,"href":"https:\/\/www.kreativschmiede-soller.ch\/index.php\/wp-json\/wp\/v2\/pages\/2\/revisions"}],"predecessor-version":[{"id":3042,"href":"https:\/\/www.kreativschmiede-soller.ch\/index.php\/wp-json\/wp\/v2\/pages\/2\/revisions\/3042"}],"wp:attachment":[{"href":"https:\/\/www.kreativschmiede-soller.ch\/index.php\/wp-json\/wp\/v2\/media?parent=2"}],"curies":[{"name":"wp","href":"https:\/\/api.w.org\/{rel}","templated":true}]}}